{"id":2536,"date":"2020-06-28T21:16:33","date_gmt":"2020-06-28T19:16:33","guid":{"rendered":"https:\/\/www.hahnemann-gesellschaft.de\/?page_id=2536"},"modified":"2020-06-28T21:20:52","modified_gmt":"2020-06-28T19:20:52","slug":"projects","status":"publish","type":"page","link":"https:\/\/www.hahnemann-gesellschaft.de\/en\/projects\/","title":{"rendered":"Projects"},"content":{"rendered":"<section class=\"l-section wpb_row height_medium\"><div class=\"l-section-h i-cf\"><div class=\"g-cols vc_row via_flex valign_top type_default stacking_default\"><div class=\"vc_col-sm-12 wpb_column vc_column_container\"><div class=\"vc_column-inner\"><div class=\"wpb_wrapper\"><div class=\"wpb_text_column\"><div class=\"wpb_wrapper\"><h1 style=\"text-align: center;\">Projects<\/h1>\n<\/div><\/div><\/div><\/div><\/div><\/div><\/div><\/section><section class=\"l-section wpb_row boxshadow height_medium color_alternate\"><div class=\"l-section-h i-cf\"><div class=\"g-cols vc_row via_flex valign_top type_default stacking_default\"><div class=\"vc_col-sm-12 wpb_column vc_column_container\"><div class=\"vc_column-inner\"><div class=\"wpb_wrapper\"><div class=\"wpb_text_column\"><div class=\"wpb_wrapper\"><h2><span data-preserver-spaces=\"true\">Doctors with expertise in Homeopathy!<\/span><\/h2>\n<\/div><\/div><div class=\"g-cols wpb_row via_flex valign_top type_default stacking_default\"><div class=\"vc_col-sm-8 wpb_column vc_column_container\"><div class=\"vc_column-inner\"><div class=\"wpb_wrapper\"><div class=\"wpb_text_column\"><div class=\"wpb_wrapper\"><p><strong><span data-preserver-spaces=\"true\">Knowledge is key<\/span><\/strong><span data-preserver-spaces=\"true\">\u00a0in decision making, understanding connections and acting accordingly. In the information overload of social media, we experience the blessing of\u00a0<\/span><strong><span data-preserver-spaces=\"true\">competent, reliable and transparent<\/span><\/strong><span data-preserver-spaces=\"true\">\u00a0information.<\/span><\/p>\n<p><strong><span data-preserver-spaces=\"true\">We are doctors that are specialized in Homeopathy in our professional practice.<\/span><\/strong><\/p>\n<p><span data-preserver-spaces=\"true\">Many of us are voluntarily engaged during the weekends and evenings in various areas and projects. Thereby it\u2019s our\u00a0<\/span><strong><span data-preserver-spaces=\"true\">goal to support our patients to make high-level Homeopathy freely selectable for all of us and to implement it in our healthcare system further.<\/span><\/strong><\/p>\n<p><strong><span data-preserver-spaces=\"true\">All of our projects are bound to that concern.\u00a0<\/span><\/strong><span data-preserver-spaces=\"true\">They are divided into the following areas:<\/span><\/p>\n<p><strong><a href=\"https:\/\/www.hahnemann-gesellschaft.de\/forschung\/aktueller-stand-der-forschung\/#definition-homoeopathie\">Research<\/a> | <a href=\"#1589984758614-1a0e52d0-05e3\">Education<\/a> | <a href=\"#1589984777311-786c7f6c-78d5\">Politics<\/a> | <a href=\"#1589984791946-a8d55687-f7d3\">Patients<\/a><\/strong><\/p>\n<\/div><\/div><div class=\"wpb_text_column\"><div class=\"wpb_wrapper\"><\/div><\/div><\/div><\/div><\/div><div class=\"vc_col-sm-4 wpb_column vc_column_container\"><div class=\"vc_column-inner\"><div class=\"wpb_wrapper\"><div class=\"w-image align_center\"><div class=\"w-image-h\"><img loading=\"lazy\" decoding=\"async\" width=\"1200\" height=\"1445\" src=\"https:\/\/www.hahnemann-gesellschaft.de\/wp-content\/uploads\/2020\/04\/img_6471.jpg\" class=\"attachment-full size-full\" alt=\"\" srcset=\"https:\/\/www.hahnemann-gesellschaft.de\/wp-content\/uploads\/2020\/04\/img_6471.jpg 1200w, https:\/\/www.hahnemann-gesellschaft.de\/wp-content\/uploads\/2020\/04\/img_6471-249x300.jpg 249w, https:\/\/www.hahnemann-gesellschaft.de\/wp-content\/uploads\/2020\/04\/img_6471-850x1024.jpg 850w\" sizes=\"(max-width: 1200px) 100vw, 1200px\" \/><\/div><\/div><\/div><\/div><\/div><\/div><div class=\"w-tabs style_default switch_click accordion\" style=\"--sections-title-size:inherit\"><div class=\"w-tabs-sections titles-align_none icon_chevron cpos_right\"><div class=\"w-tabs-section\" id=\"1589984718213-9ca073e9-56db\"><button aria-controls=\"content-1589984718213-9ca073e9-56db\" class=\"w-tabs-section-header\"><div class=\"w-tabs-section-title\">Forschung<\/div><div class=\"w-tabs-section-control\"><\/div><\/button><div  class=\"w-tabs-section-content\" id=\"content-1589984718213-9ca073e9-56db\" aria-expanded=\"false\"><div class=\"w-tabs-section-content-h i-cf\"><div class=\"wpb_text_column\"><div class=\"wpb_wrapper\"><p>Unsere <strong>Kernkompetenz<\/strong> ist die<strong> Hom\u00f6opathie<\/strong> und die <strong>Forschung<\/strong> in diesem Wissenschaftsbereich. <strong>Weltweit<\/strong> nehmen unsere Mitglieder seit Jahrzehnten an allen wichtigen Fach-Veranstaltungen teil, um sich zu informieren und einzubringen. Durch unsere <strong>Netzwerke<\/strong> unterst\u00fctzen wir den fachlichen Dialog. <strong>Zus\u00e4tzlich f\u00fchren wir eigene Forschungsprojekte durch, deren fehlendes Budget durch gro\u00dfes Engagement und profunde Expertise wett gemacht wird.<\/strong><\/p>\n<p>Das <strong>aktuellste Forschungsprojekt<\/strong> der <strong>Hahnemann Gesellschaft<\/strong> ist die <strong>\u201eData Collection Case Report | Covid-19 | Hahnemann Association\u201c<\/strong>. In diesem Forschungsprojekt arbeiten wir zum Wohl unserer Patientinnen und Patienten mit verschiedenen L\u00e4ndern zusammen.<\/p>\n<p>Unsere, nach au\u00dfen gerichtete, <strong>externe Forschung dient dem gesellschaftlichen Dialog<\/strong> mit Menschen, die die Hom\u00f6opathie nicht kennen. Unser wirkliches Interesse liegt jedoch in der <strong>internen Forschung<\/strong>.<\/p>\n<p>Was hei\u00dft das? Als hom\u00f6opathische \u00c4rztinnen und \u00c4rzte beobachten wir regelhaft Ph\u00e4nomene in den Heilverl\u00e4ufen, die nach unserem gelehrten Wissenschaftsverst\u00e4ndnis nicht m\u00f6glich sein k\u00f6nnen. Da diese Ph\u00e4nomene jedoch wiederholt zu beobachten sind, k\u00f6nnen wir in unserer <strong>wissenschaftlichen Haltung<\/strong> nicht daran vorbeischauen. Um R\u00e4ume f\u00fcr den Austausch in unseren Beobachtungen und den m\u00f6glichen Konsequenzen daraus zu schaffen, bildete sich die <strong>Hahnemann Gesellschaft<\/strong>. <strong>Dieser innerkollegiale Austausch und Diskurs ist unser eigentliches Bed\u00fcrfnis<\/strong>. Wir haben eine <strong>sehr lange Liste mit internen Forschungsfragen<\/strong> und wir w\u00fcnschen uns die <strong>Verbesserung unserer Forschungsbedingungen<\/strong>, um diese kl\u00e4ren zu k\u00f6nnen.<\/p>\n<p>In diesem hochspezialisierten Wissen liegt auch eine Verantwortung. Es ist die Verantwortung, <strong>die Entscheidenden in Gesellschaft und Politik zu informieren<\/strong> und <strong>zu beraten<\/strong>, um unsere<strong> Patientinnen und Patienten in ihrem Wunsch nach Implementierung dieses so wirksamen, kosteng\u00fcnstigen und umweltvertr\u00e4glichen Therapieverfahrens zu unterst\u00fctzen &#8211; f\u00fcr sie setzen wir uns ein!<\/strong><\/p>\n<\/div><\/div><\/div><\/div><\/div><div class=\"w-tabs-section\" id=\"1589984758614-1a0e52d0-05e3\"><button aria-controls=\"content-1589984758614-1a0e52d0-05e3\" class=\"w-tabs-section-header\"><div class=\"w-tabs-section-title\">Lehre<\/div><div class=\"w-tabs-section-control\"><\/div><\/button><div  class=\"w-tabs-section-content\" id=\"content-1589984758614-1a0e52d0-05e3\" aria-expanded=\"false\"><div class=\"w-tabs-section-content-h i-cf\"><div class=\"wpb_text_column\"><div class=\"wpb_wrapper\"><p>Seit \u00fcber 30 Jahren konzeptioniert und organisiert die Hahnemann Gesellschaft den <strong>Intensivkurs Hom\u00f6opathie, <\/strong>den <strong>Dreimonatskurs. Er ist das Flaggschiff der Hom\u00f6opathie Ausbildung<\/strong>, damit unsere Patientinnen und Patienten von vertrauensw\u00fcrdigen \u00c4rztinnen und \u00c4rzten mit guter Ausbildung behandelt werden k\u00f6nnen.<\/p>\n<p>Der Intensivkurs Hom\u00f6opathie dient als Pilotstudiengang der <strong>Ausbildungsforschung <\/strong>f\u00fcr die <strong>Akademisierung der hom\u00f6opathischen Lehre. <\/strong>Die Hahnemann Gesellschaft ist Mitglied in der <strong>Gesellschaft f\u00fcr Medizinische Ausbildung GMA<\/strong>, um die Lehre weiter zu professionalisieren. Der gro\u00dfe Vorteil bei der Erprobung neuester Lehrkonzepte bei der Hahnemann Gesellschaft liegt in der M\u00f6glichkeit, dass diese Ideen sofort umgesetzt werden k\u00f6nnen.<\/p>\n<p><strong>+++ Intensiv-Einf\u00fchrung Covid-19 +++DMK 2020 +++ Modul I +++<\/strong><\/p>\n<p>Der <strong>Dreimonatskurs 2020, Intensivkurs Hom\u00f6opathie,<\/strong> wurde aus aktuellem Anlass curricular sofort der neuen Erkrankung <strong>Covid-19<\/strong> angepasst und bietet jetzt im <strong>Modul I<\/strong> eine <strong>Intensiv-Einf\u00fchrung in die Behandlung von Covid-19<\/strong>. In zwei zehnt\u00e4gigen Bl\u00f6cken f\u00fchrt er jetzt theoretisch wie praktisch in diesem Jahr entlang dieser schweren Infektionskrankheit in die Hom\u00f6opathie ein.<\/p>\n<p>Der <strong>Dreimonatskurs<\/strong> wurde um 1,5 Monate vorverlegt und <strong>startet am 27.06.2020 in Wiesbaden. <\/strong>Dies bietet speziell den <strong>hessischen \u00c4rztinnen und \u00c4rzten<\/strong> die M\u00f6glichkeit, vor dem 1. Juni mit ihrer <strong>Hom\u00f6opathie Weiterbildung<\/strong> zu beginnen und dadurch eine <strong>5 j\u00e4hrige \u00dcbergangsfrist nutzen zu k\u00f6nnen, um die <\/strong>Zusatzbezeichnung Hom\u00f6opathie in Hessen machen zu d\u00fcrfen. Die Nachfrage der Patientinnen und Patienten ist riesig und w\u00e4chst fortw\u00e4hrend weiter, aber viel zu wenige \u00c4rztinnen und \u00c4rzte sind in Hom\u00f6opathie ausgebildet. Wir tun alles, was in unserer Kraft steht, um dies zu ver\u00e4ndern.<\/p>\n<p>Neben dem Dreimonatskurs, Intensivkurs Hom\u00f6opathie unterst\u00fctzen wir auf vielf\u00e4ltige Weise die <strong>Studierenden<\/strong> und <strong>jungen \u00c4rztinnen und \u00c4rzte<\/strong> in ihrem Bed\u00fcrfnis nach verl\u00e4sslichen Informationen zur Hom\u00f6opathie. Auf deren Wunsch werden <strong>Workshops, Seminare, Vorlesungen<\/strong> konzeptioniert, organisiert und durchgef\u00fchrt. Wir vermitteln <strong>Hospitationen<\/strong> und <strong>Praktika<\/strong>.<\/p>\n<\/div><\/div><\/div><\/div><\/div><div class=\"w-tabs-section\" id=\"1589984777311-786c7f6c-78d5\"><button aria-controls=\"content-1589984777311-786c7f6c-78d5\" class=\"w-tabs-section-header\"><div class=\"w-tabs-section-title\">Politik<\/div><div class=\"w-tabs-section-control\"><\/div><\/button><div  class=\"w-tabs-section-content\" id=\"content-1589984777311-786c7f6c-78d5\" aria-expanded=\"false\"><div class=\"w-tabs-section-content-h i-cf\"><div class=\"wpb_text_column\"><div class=\"wpb_wrapper\"><p>Um unsere Patientinnen und Patienten bei ihrem Wunsch nach<strong> Hom\u00f6opathie auf hohem Niveau f\u00fcr alle frei w\u00e4hlbar<\/strong> mit unserer Expertise zu unterst\u00fctzen, engagieren wir uns in der Politik. Wir fragen bei den Parteien nach, wie sie zur Hom\u00f6opathie stehen und wie weit sie sich im Sinne der W\u00e4hlerinnen und W\u00e4hler f\u00fcr die <strong>Kosten\u00fcbernahme und die Ausbildung in der Hom\u00f6opathie<\/strong> einsetzen wollen. Wir gr\u00e4tschen in Gesetzesentw\u00fcrfe, die unter Zeitdruck und verdeckt in Paketen verabschiedet werden sollen, hinein und initiieren <strong>Petitionen<\/strong>. So aktivieren wir die B\u00fcrgerschaft und verschaffen ihr in der <strong>Politik Geh\u00f6r<\/strong>. Wir f\u00fchren <strong>Einzelgespr\u00e4che<\/strong> und <strong>informieren sachgerecht<\/strong>. Es ist ersch\u00fctternd, welche inkompetenten Informationsquellen die Politik f\u00fcr die Positionierung zu Sachthemen in der Hom\u00f6opathie heranzieht und wie fadenscheinig die Argumentationsketten aufgebaut sind. Diese sind mit akademischem Wissen leicht zu entlarven. Ohne unsere Fachexpertise w\u00fcrden Laien jedoch sprachlos dastehen, deshalb stehen wir verl\u00e4sslich an ihrer Seite. Wir unterst\u00fctzen die <strong>Fachaussch\u00fcsse der Parteien<\/strong> <strong>zu allen Fragen zur Hom\u00f6opathie<\/strong> und kl\u00e4ren verl\u00e4sslich auf.<\/p>\n<\/div><\/div><\/div><\/div><\/div><div class=\"w-tabs-section\" id=\"1589984791946-a8d55687-f7d3\"><button aria-controls=\"content-1589984791946-a8d55687-f7d3\" class=\"w-tabs-section-header\"><div class=\"w-tabs-section-title\">Patienten<\/div><div class=\"w-tabs-section-control\"><\/div><\/button><div  class=\"w-tabs-section-content\" id=\"content-1589984791946-a8d55687-f7d3\" aria-expanded=\"false\"><div class=\"w-tabs-section-content-h i-cf\"><div class=\"wpb_text_column\"><div class=\"wpb_wrapper\"><p><strong>Mit Umsicht und Weitblick identifizieren wir ung\u00fcnstige Entwicklungen in der Politik und schlagen der Patientenschaft Handlungsoptionen vor, die wirksam sind<\/strong>, um sie bei ihrem Wunsch nach Hom\u00f6opathie auf hohem Niveau f\u00fcr alle frei w\u00e4hlbar in unserem Gesundheitswesen zu unterst\u00fctzen. Durch die Synchronisation der Aktionen entsteht eine gro\u00dfe Schlagkraft. <strong>In der Politik z\u00e4hlen W\u00e4hlerstimmen. 2021 wird gew\u00e4hlt.<\/strong> Bei fast <strong>60% Hom\u00f6opathie Nutzenden<\/strong> und <strong>75% Patientinnen und Patienten, die Hom\u00f6opathie in unserem Gesundheitswesen haben wollen<\/strong>, halten wir mit unseren W\u00e4hlerstimmen ein gro\u00dfes Werkzeug in der Hand, unseren W\u00fcnschen Nachdruck zu verleihen. Das nutzen wir. Tragen Sie sich f\u00fcr unseren <strong>Hahnemann Gesellschaft Newsletter<\/strong> ein, damit wir sie \u00fcber unsere <strong>Call To Action<\/strong> Aufrufe und aktuelle Einsch\u00e4tzungen informieren k\u00f6nnen. \u00dcber <a href=\"mailto:patienten@www.hahnemann-gesellschaft.de\">patienten@www.hahnemann-gesellschaft.de<\/a> k\u00f6nnen sie sich mit ihren Ideen und Informationen selbst in diesen Prozess einbringen. <strong>Gemeinsam werden wir die Hom\u00f6opathie f\u00fcr uns alle verf\u00fcgbar machen.<\/strong><\/p>\n<\/div><\/div><\/div><\/div><\/div><\/div><\/div><\/div><\/div><\/div><\/div><\/div><\/section><section class=\"l-section wpb_row height_medium\"><div class=\"l-section-h i-cf\"><div class=\"g-cols vc_row via_flex valign_top type_default stacking_default\"><div class=\"vc_col-sm-12 wpb_column vc_column_container\"><div class=\"vc_column-inner\"><div class=\"wpb_wrapper\"><div class=\"wpb_text_column\"><div class=\"wpb_wrapper\"><h2 style=\"text-align: center;\">Updates to Projects<\/h2>\n<\/div><\/div><div class=\"w-separator size_medium\"><\/div><div class=\"w-grid type_masonry layout_25 no_results_hide_grid cols_3 overflow_hidden with_isotope\" id=\"us_grid_1\" data-filterable=\"true\"><style>#us_grid_1 .w-grid-item{padding:1.5rem}#us_grid_1 .w-grid-list{margin:-1.5rem -1.5rem 1.5rem}.w-grid + #us_grid_1 .w-grid-list,.w-grid-none + #us_grid_1 .w-grid-list{margin-top:1.5rem}@media (max-width:899px){#us_grid_1 .w-grid-item{width:50%}}@media (max-width:599px){#us_grid_1 .w-grid-list{margin:0}#us_grid_1 .w-grid-item{width:100%;padding:0;margin-bottom:1.5rem}}.layout_25 .w-grid-item-h{background:#ffffff;color:#707070;border-radius:0.3rem;box-shadow:0 0.03rem 0.06rem rgba(0,0,0,0.1),0 0.1rem 0.3rem rgba(0,0,0,0.1);transition-duration:0.3s}.no-touch .layout_25 .w-grid-item-h:hover{box-shadow:0 0.1rem 0.2rem rgba(0,0,0,0.1),0 0.33rem 1rem rgba(0,0,0,0.15);z-index:4}.layout_25 .usg_post_title_1{font-weight:700!important;font-size:1.2rem!important}.layout_25 .usg_vwrapper_1{padding:9% 11% 11% 11%!important}.layout_25 .usg_hwrapper_1{color:#999!important;font-size:0.9rem!important}@media (max-width:600px){.layout_25 .usg_post_title_1{font-size:1.2rem!important}}<\/style><div class=\"w-grid-list\"><\/div><div class=\"w-grid-preloader\"><div class=\"g-preloader type_1\">\r\n\t<div><\/div>\r\n<\/div>\r\n<\/div>\t<div class=\"w-grid-json hidden\" onclick='return {&quot;action&quot;:&quot;us_ajax_grid&quot;,&quot;ajax_url&quot;:&quot;https:\\\/\\\/www.hahnemann-gesellschaft.de\\\/wp-admin\\\/admin-ajax.php&quot;,&quot;infinite_scroll&quot;:0,&quot;max_num_pages&quot;:0,&quot;pagination&quot;:&quot;ajax&quot;,&quot;permalink_url&quot;:&quot;https:\\\/\\\/www.hahnemann-gesellschaft.de\\\/en\\\/wp-json\\\/wp\\\/v2\\\/pages\\\/2536\\\/&quot;,&quot;template_vars&quot;:{&quot;columns&quot;:&quot;3&quot;,&quot;exclude_items&quot;:&quot;none&quot;,&quot;img_size&quot;:&quot;default&quot;,&quot;ignore_items_size&quot;:false,&quot;items_layout&quot;:&quot;25&quot;,&quot;items_offset&quot;:&quot;1&quot;,&quot;load_animation&quot;:&quot;none&quot;,&quot;overriding_link&quot;:&quot;none&quot;,&quot;post_id&quot;:2536,&quot;query_args&quot;:{&quot;post_type&quot;:[&quot;post&quot;],&quot;tax_query&quot;:[{&quot;taxonomy&quot;:&quot;category&quot;,&quot;field&quot;:&quot;slug&quot;,&quot;terms&quot;:[&quot;forschung&quot;,&quot;lehre&quot;,&quot;patienten&quot;,&quot;politik&quot;]}],&quot;post_status&quot;:[&quot;publish&quot;,&quot;acf-disabled&quot;],&quot;posts_per_page&quot;:&quot;10&quot;},&quot;orderby_query_args&quot;:{&quot;orderby&quot;:{&quot;date&quot;:&quot;DESC&quot;}},&quot;type&quot;:&quot;masonry&quot;,&quot;us_grid_ajax_index&quot;:1,&quot;us_grid_filter_params&quot;:null,&quot;us_grid_index&quot;:1,&quot;_us_grid_post_type&quot;:&quot;post&quot;,&quot;lang&quot;:&quot;en&quot;}}'><\/div>\r\n\t<\/div><div class=\"w-grid-none type_message\">No results found.<\/div><\/div><\/div><\/div><\/div><\/div><\/section>\n","protected":false},"excerpt":{"rendered":"Projects Doctors with expertise in Homeopathy! Knowledge is key\u00a0in decision making, understanding connections and acting accordingly. In the information overload of social media, we experience the blessing of\u00a0competent, reliable and transparent\u00a0information. We are doctors that are specialized in Homeopathy in our professional practice. Many of us are voluntarily engaged during the weekends and evenings in...","protected":false},"author":2,"featured_media":0,"parent":0,"menu_order":40,"comment_status":"closed","ping_status":"closed","template":"","meta":{"_acf_changed":false,"footnotes":""},"acf":[],"yoast_head":"<!-- This site is optimized with the Yoast SEO plugin v23.0 - https:\/\/yoast.com\/wordpress\/plugins\/seo\/ -->\n<title>Projects - Hahnemann Gesellschaft<\/title>\n<meta name=\"robots\" content=\"index, follow, max-snippet:-1, max-image-preview:large, max-video-preview:-1\" \/>\n<link rel=\"canonical\" href=\"https:\/\/www.hahnemann-gesellschaft.de\/en\/projects\/\" \/>\n<meta property=\"og:locale\" content=\"en_US\" \/>\n<meta property=\"og:type\" content=\"article\" \/>\n<meta property=\"og:title\" content=\"Projects - Hahnemann Gesellschaft\" \/>\n<meta property=\"og:url\" content=\"https:\/\/www.hahnemann-gesellschaft.de\/en\/projects\/\" \/>\n<meta property=\"og:site_name\" content=\"Hahnemann Gesellschaft\" \/>\n<meta property=\"article:publisher\" content=\"https:\/\/www.facebook.com\/HahnemannGER\" \/>\n<meta property=\"article:modified_time\" content=\"2020-06-28T19:20:52+00:00\" \/>\n<meta name=\"twitter:card\" content=\"summary_large_image\" \/>\n<meta name=\"twitter:site\" content=\"@HahnemannDE\" \/>\n<meta name=\"twitter:label1\" content=\"Est. reading time\" \/>\n\t<meta name=\"twitter:data1\" content=\"6 minutes\" \/>\n<script type=\"application\/ld+json\" class=\"yoast-schema-graph\">{\"@context\":\"https:\/\/schema.org\",\"@graph\":[{\"@type\":\"WebPage\",\"@id\":\"https:\/\/www.hahnemann-gesellschaft.de\/en\/projects\/\",\"url\":\"https:\/\/www.hahnemann-gesellschaft.de\/en\/projects\/\",\"name\":\"Projects - Hahnemann Gesellschaft\",\"isPartOf\":{\"@id\":\"https:\/\/www.hahnemann-gesellschaft.de\/en\/#website\"},\"datePublished\":\"2020-06-28T19:16:33+00:00\",\"dateModified\":\"2020-06-28T19:20:52+00:00\",\"breadcrumb\":{\"@id\":\"https:\/\/www.hahnemann-gesellschaft.de\/en\/projects\/#breadcrumb\"},\"inLanguage\":\"en-US\",\"potentialAction\":[{\"@type\":\"ReadAction\",\"target\":[\"https:\/\/www.hahnemann-gesellschaft.de\/en\/projects\/\"]}]},{\"@type\":\"BreadcrumbList\",\"@id\":\"https:\/\/www.hahnemann-gesellschaft.de\/en\/projects\/#breadcrumb\",\"itemListElement\":[{\"@type\":\"ListItem\",\"position\":1,\"name\":\"Startseite\",\"item\":\"https:\/\/www.hahnemann-gesellschaft.de\/en\/\"},{\"@type\":\"ListItem\",\"position\":2,\"name\":\"Projects\"}]},{\"@type\":\"WebSite\",\"@id\":\"https:\/\/www.hahnemann-gesellschaft.de\/en\/#website\",\"url\":\"https:\/\/www.hahnemann-gesellschaft.de\/en\/\",\"name\":\"Hahnemann Gesellschaft\",\"description\":\"\",\"publisher\":{\"@id\":\"https:\/\/www.hahnemann-gesellschaft.de\/en\/#organization\"},\"potentialAction\":[{\"@type\":\"SearchAction\",\"target\":{\"@type\":\"EntryPoint\",\"urlTemplate\":\"https:\/\/www.hahnemann-gesellschaft.de\/en\/?s={search_term_string}\"},\"query-input\":\"required name=search_term_string\"}],\"inLanguage\":\"en-US\"},{\"@type\":\"Organization\",\"@id\":\"https:\/\/www.hahnemann-gesellschaft.de\/en\/#organization\",\"name\":\"Hahnemann Gesellschaft\",\"url\":\"https:\/\/www.hahnemann-gesellschaft.de\/en\/\",\"logo\":{\"@type\":\"ImageObject\",\"inLanguage\":\"en-US\",\"@id\":\"https:\/\/www.hahnemann-gesellschaft.de\/en\/#\/schema\/logo\/image\/\",\"url\":\"https:\/\/www.hahnemann-gesellschaft.de\/wp-content\/uploads\/2020\/06\/hahneman-gesellschaft_72.jpg\",\"contentUrl\":\"https:\/\/www.hahnemann-gesellschaft.de\/wp-content\/uploads\/2020\/06\/hahneman-gesellschaft_72.jpg\",\"width\":830,\"height\":213,\"caption\":\"Hahnemann Gesellschaft\"},\"image\":{\"@id\":\"https:\/\/www.hahnemann-gesellschaft.de\/en\/#\/schema\/logo\/image\/\"},\"sameAs\":[\"https:\/\/www.facebook.com\/HahnemannGER\",\"https:\/\/x.com\/HahnemannDE\"]}]}<\/script>\n<!-- \/ Yoast SEO plugin. -->","yoast_head_json":{"title":"Projects - Hahnemann Gesellschaft","robots":{"index":"index","follow":"follow","max-snippet":"max-snippet:-1","max-image-preview":"max-image-preview:large","max-video-preview":"max-video-preview:-1"},"canonical":"https:\/\/www.hahnemann-gesellschaft.de\/en\/projects\/","og_locale":"en_US","og_type":"article","og_title":"Projects - Hahnemann Gesellschaft","og_url":"https:\/\/www.hahnemann-gesellschaft.de\/en\/projects\/","og_site_name":"Hahnemann Gesellschaft","article_publisher":"https:\/\/www.facebook.com\/HahnemannGER","article_modified_time":"2020-06-28T19:20:52+00:00","twitter_card":"summary_large_image","twitter_site":"@HahnemannDE","twitter_misc":{"Est. reading time":"6 minutes"},"schema":{"@context":"https:\/\/schema.org","@graph":[{"@type":"WebPage","@id":"https:\/\/www.hahnemann-gesellschaft.de\/en\/projects\/","url":"https:\/\/www.hahnemann-gesellschaft.de\/en\/projects\/","name":"Projects - Hahnemann Gesellschaft","isPartOf":{"@id":"https:\/\/www.hahnemann-gesellschaft.de\/en\/#website"},"datePublished":"2020-06-28T19:16:33+00:00","dateModified":"2020-06-28T19:20:52+00:00","breadcrumb":{"@id":"https:\/\/www.hahnemann-gesellschaft.de\/en\/projects\/#breadcrumb"},"inLanguage":"en-US","potentialAction":[{"@type":"ReadAction","target":["https:\/\/www.hahnemann-gesellschaft.de\/en\/projects\/"]}]},{"@type":"BreadcrumbList","@id":"https:\/\/www.hahnemann-gesellschaft.de\/en\/projects\/#breadcrumb","itemListElement":[{"@type":"ListItem","position":1,"name":"Startseite","item":"https:\/\/www.hahnemann-gesellschaft.de\/en\/"},{"@type":"ListItem","position":2,"name":"Projects"}]},{"@type":"WebSite","@id":"https:\/\/www.hahnemann-gesellschaft.de\/en\/#website","url":"https:\/\/www.hahnemann-gesellschaft.de\/en\/","name":"Hahnemann Gesellschaft","description":"","publisher":{"@id":"https:\/\/www.hahnemann-gesellschaft.de\/en\/#organization"},"potentialAction":[{"@type":"SearchAction","target":{"@type":"EntryPoint","urlTemplate":"https:\/\/www.hahnemann-gesellschaft.de\/en\/?s={search_term_string}"},"query-input":"required name=search_term_string"}],"inLanguage":"en-US"},{"@type":"Organization","@id":"https:\/\/www.hahnemann-gesellschaft.de\/en\/#organization","name":"Hahnemann Gesellschaft","url":"https:\/\/www.hahnemann-gesellschaft.de\/en\/","logo":{"@type":"ImageObject","inLanguage":"en-US","@id":"https:\/\/www.hahnemann-gesellschaft.de\/en\/#\/schema\/logo\/image\/","url":"https:\/\/www.hahnemann-gesellschaft.de\/wp-content\/uploads\/2020\/06\/hahneman-gesellschaft_72.jpg","contentUrl":"https:\/\/www.hahnemann-gesellschaft.de\/wp-content\/uploads\/2020\/06\/hahneman-gesellschaft_72.jpg","width":830,"height":213,"caption":"Hahnemann Gesellschaft"},"image":{"@id":"https:\/\/www.hahnemann-gesellschaft.de\/en\/#\/schema\/logo\/image\/"},"sameAs":["https:\/\/www.facebook.com\/HahnemannGER","https:\/\/x.com\/HahnemannDE"]}]}},"_links":{"self":[{"href":"https:\/\/www.hahnemann-gesellschaft.de\/en\/wp-json\/wp\/v2\/pages\/2536"}],"collection":[{"href":"https:\/\/www.hahnemann-gesellschaft.de\/en\/wp-json\/wp\/v2\/pages"}],"about":[{"href":"https:\/\/www.hahnemann-gesellschaft.de\/en\/wp-json\/wp\/v2\/types\/page"}],"author":[{"embeddable":true,"href":"https:\/\/www.hahnemann-gesellschaft.de\/en\/wp-json\/wp\/v2\/users\/2"}],"replies":[{"embeddable":true,"href":"https:\/\/www.hahnemann-gesellschaft.de\/en\/wp-json\/wp\/v2\/comments?post=2536"}],"version-history":[{"count":2,"href":"https:\/\/www.hahnemann-gesellschaft.de\/en\/wp-json\/wp\/v2\/pages\/2536\/revisions"}],"predecessor-version":[{"id":2538,"href":"https:\/\/www.hahnemann-gesellschaft.de\/en\/wp-json\/wp\/v2\/pages\/2536\/revisions\/2538"}],"wp:attachment":[{"href":"https:\/\/www.hahnemann-gesellschaft.de\/en\/wp-json\/wp\/v2\/media?parent=2536"}],"curies":[{"name":"wp","href":"https:\/\/api.w.org\/{rel}","templated":true}]}}