{"id":2175,"date":"2020-06-12T19:16:47","date_gmt":"2020-06-12T17:16:47","guid":{"rendered":"http:\/\/www.hahnemann-gesellschaft.de\/?page_id=2175"},"modified":"2020-06-24T19:48:07","modified_gmt":"2020-06-24T17:48:07","slug":"service","status":"publish","type":"page","link":"https:\/\/www.hahnemann-gesellschaft.de\/tr\/uluslararasi-ofis\/service\/","title":{"rendered":"Hizmet"},"content":{"rendered":"<section class=\"l-section wpb_row height_auto width_full\"><div class=\"l-section-h i-cf\"><div class=\"g-cols vc_row via_flex valign_top type_default stacking_default\"><div class=\"vc_col-sm-12 wpb_column vc_column_container\"><div class=\"vc_column-inner\"><div class=\"wpb_wrapper\"><section class=\"l-section wpb_row height_medium width_full\"><div class=\"l-section-h i-cf\"><div class=\"g-cols vc_row via_flex valign_top type_default stacking_default\"><div class=\"vc_col-sm-12 wpb_column vc_column_container\"><div class=\"vc_column-inner\"><div class=\"wpb_wrapper\"><div class=\"wpb_text_column\"><div class=\"wpb_wrapper\"><h1 style=\"text-align: center;\">Uluslararas\u0131 ofis<\/h1>\n<\/div><\/div><ol class=\"g-breadcrumbs separator_icon align_center\" itemscope itemtype=\"http:\/\/schema.org\/BreadcrumbList\"><li class=\"g-breadcrumbs-item\" itemscope itemprop=\"itemListElement\" itemtype=\"http:\/\/schema.org\/ListItem\"><a itemprop=\"item\" href=\"https:\/\/www.hahnemann-gesellschaft.de\/tr\/\"><span itemprop=\"name\">Ba\u015flang\u0131\u00e7<\/span><\/a><meta itemprop=\"position\" content=\"1\"\/><\/li><li class=\"g-breadcrumbs-separator\"><i class=\"far fa-angle-right\"><\/i><\/li><li class=\"g-breadcrumbs-item\">Sayfalar<\/li><\/ol><\/div><\/div><\/div><\/div><\/div><\/section>\n<\/div><\/div><\/div><\/div><\/div><\/section><section class=\"l-section wpb_row us_custom_3283a606 height_auto type_sticky\"><div class=\"l-section-h i-cf\"><div class=\"g-cols vc_row via_flex valign_top type_default stacking_default\"><div class=\"vc_col-sm-12 wpb_column vc_column_container\"><div class=\"vc_column-inner\"><div class=\"wpb_wrapper\"><div class=\"w-menu us_custom_eb849559 layout_hor style_blocks us_menu_1\" style=\"--main-gap:1.5rem;--main-ver-indent:0.8em;--main-hor-indent:0.8em;\"><ul id=\"menu-international-office-tr\" class=\"menu\"><li id=\"menu-item-2194\" class=\"menu-item menu-item-type-post_type menu-item-object-page menu-item-2194\"><a href=\"https:\/\/www.hahnemann-gesellschaft.de\/tr\/uluslararasi-ofis\/\">genel bak\u0131\u015f<\/a><\/li><li id=\"menu-item-2195\" class=\"menu-item menu-item-type-post_type menu-item-object-page menu-item-2195\"><a href=\"https:\/\/www.hahnemann-gesellschaft.de\/tr\/uluslararasi-ofis\/behandlungsanfrage-termine\/\">Tedavi i\u00e7in talep ve tarihleri<\/a><\/li><li id=\"menu-item-2196\" class=\"menu-item menu-item-type-post_type menu-item-object-page menu-item-2196\"><a href=\"https:\/\/www.hahnemann-gesellschaft.de\/tr\/uluslararasi-ofis\/ablauf\/\">\u0130\u015fletim prosed\u00fcr\u00fc<\/a><\/li><li id=\"menu-item-2197\" class=\"menu-item menu-item-type-post_type menu-item-object-page menu-item-2197\"><a href=\"https:\/\/www.hahnemann-gesellschaft.de\/tr\/uluslararasi-ofis\/kosten\/\">Masraflar<\/a><\/li><li id=\"menu-item-2198\" class=\"menu-item menu-item-type-post_type menu-item-object-page menu-item-2198\"><a href=\"https:\/\/www.hahnemann-gesellschaft.de\/tr\/uluslararasi-ofis\/service\/\">Hizmet<\/a><\/li><li id=\"menu-item-2199\" class=\"menu-item menu-item-type-post_type menu-item-object-page menu-item-2199\"><a href=\"https:\/\/www.hahnemann-gesellschaft.de\/tr\/uluslararasi-ofis\/kayit-formu\/\">Kay\u0131t formu<\/a><\/li><li id=\"menu-item-2200\" class=\"menu-item menu-item-type-post_type menu-item-object-page menu-item-2200\"><a href=\"https:\/\/www.hahnemann-gesellschaft.de\/tr\/uluslararasi-ofis\/kontakt\/\">\u0130leti\u015fim bilgileri<\/a><\/li><\/ul><style>.us_menu_1 .menu>li>a{background:#ffffff}.us_menu_1 .menu>li>a{color:inherit}.us_menu_1 .menu>.menu-item:not(.current-menu-item)>a:hover{background:#32B9CD}.us_menu_1 .menu>.menu-item:not(.current-menu-item)>a:hover{color:#ffffff}@media ( max-width:600px ){.us_menu_1 .menu{display:block!important}.us_menu_1 .menu>li{margin:0 0 var(--main-gap,1.5rem)!important}}<\/style><\/div><\/div><\/div><\/div><\/div><\/div><\/section><section class=\"l-section wpb_row boxshadow height_auto color_alternate\"><div class=\"l-section-h i-cf\"><div class=\"g-cols vc_row via_flex valign_top type_default stacking_default\"><div class=\"vc_col-sm-8 wpb_column vc_column_container\"><div class=\"vc_column-inner us_custom_cfd0d040\"><div class=\"wpb_wrapper\"><div class=\"wpb_text_column\"><div class=\"wpb_wrapper\"><h2>Hizmet<\/h2>\n<h4>S\u00f6zl\u00fc \u00e7eviri:<\/h4>\n<p>Hastan\u0131n ba\u015far\u0131l\u0131 bir tedavisi i\u00e7in hasta ve sa\u011fl\u0131k personeli aras\u0131ndaki ileti\u015fimin sorunsuz olmas\u0131n\u0131n \u00f6nemi b\u00fcy\u00fckt\u00fcr.<\/p>\n<p>E\u011fer ak\u0131c\u0131 bir \u015fekilde \u0130ngilizce veya Almanca konu\u015fam\u0131yorsan\u0131z, bize bildirmenizi rica etmekteyiz. Bu \u00e7ok \u00f6nemlidir. Kar\u015f\u0131l\u0131kl\u0131 olarak sorunsuz ileti\u015fim sa\u011fland\u0131\u011f\u0131nda ancak o zaman iyi bir tedavi sunulabilmektedir. Gerekirse tedaviyi ba\u015flamadan \u00f6nce ve video arac\u0131l\u0131\u011f\u0131yla \u00f6n g\u00f6r\u00fc\u015fmeden \u00f6nce iyi bir terc\u00fcme hizmeti sa\u011flayabiliriz.<\/p>\n<h4>Video arac\u0131l\u0131\u011f\u0131yla d\u00fczenlenen g\u00f6r\u00fc\u015fmeler:<\/h4>\n<p>Homeopati alan\u0131nda uzman hekimlerimiz video kons\u00fcltasyonu da yapabilmektedirler. \u00a0E\u011fer online anamnez g\u00f6r\u00fc\u015fmesi veya vaka analizi talep ediyorsan\u0131z bizim <a href=\"mailto:internationale-office@hahnemann-association.com\">international-office@hahnemann-association.com<\/a> elektronik posta adresine yazman\u0131z\u0131 rica ederiz.<\/p>\n<p>Hizmetlerin maliyeti sunulan hizmetlerin durumuna g\u00f6re de\u011fi\u015fmektedir. Bunlar organizasyon, t\u0131bbi bilimsel \u00e7al\u0131\u015fma ve gerekti\u011finde terc\u00fcme hizmetini kapsamaktad\u0131r.<\/p>\n<p>Sizin isteklerinizi dikkate alarak, en uygun bir teklifi sunmaktay\u0131z.<\/p>\n<h4>Sekonder sa\u011fl\u0131k raporu:<\/h4>\n<p>Tedavi\/terapi plan\u0131n\u0131z veya masraflar\u0131n\u0131z\u0131n tahmini \u00f6n maliyeti olu\u015fturulduktan sonra, e\u011fer bir belirsizlik ve g\u00fcvensizlik, \u00e7o\u011funlukla da nadir g\u00f6r\u00fclen a\u011f\u0131r ve zorlu vakalarda verilen t\u0131bbi kararlar\u0131n uzun vadeli sonu\u00e7lar\u0131 olu\u015fabilmektedir.<\/p>\n<p>Bu gibi durumlarda bize bunun ile ilgili <a href=\"mailto:internationale-office@hahnemann-association.com\">international-office@hahnemann-association.com<\/a> elektronik adresine yazabilirsiniz.<\/p>\n<p>Talebinizi m\u00fcmk\u00fcn olan en k\u0131sa s\u00fcrede de\u011ferlendirmeye \u00e7al\u0131\u015faca\u011f\u0131z.<\/p>\n<h4>Konaklama | Transfer | \u00d6zel destek:<\/h4>\n<p>\u0130steklerinizi g\u00f6z \u00f6n\u00fcnde bulundurarak transfer hizmetini ve istedi\u011finiz \u015fekilde konaklamay\u0131 organize etmekten mutluluk duyar\u0131z. Tedavinizin kapsam\u0131 d\u0131\u015f\u0131nda di\u011fer t\u0131bbi olamayan hizmetleri de almak istedi\u011finizde size \u00f6zel ki\u015fisel asistan hizmeti sunabiliriz. Bu hizmet \u00fccretlidir.<\/p>\n<h4>Hasta &#8211; Acenteler:<\/h4>\n<p>International Office Hahnemann Association \u00fc\u00e7\u00fcnc\u00fc taraflara arac\u0131l\u0131k faaliyeti ve hizmetleri i\u00e7in (komisyon kat\u0131l\u0131m\u0131) \u00fccret \u00f6demez. Hastalar\u0131 \u0130nternational Office Hahnemann Association\u2019e y\u00f6nlendirmek amac\u0131yla yap\u0131lan reklamlara genelde izin verilir. Bunun i\u00e7in reklam ama\u00e7lar\u0131yla \u0130nternational Office Hahnemann Association web sitesindeki hizmet yelpazesi hakk\u0131nda malzemeler ve bilgiler kullan\u0131labilir. Di\u011fer ama\u00e7l\u0131 kullan\u0131mlar i\u00e7in International Office Hahnemann Association\u2019dan taraf\u0131ndan yaz\u0131l\u0131 izin al\u0131nmas\u0131 gerekmektedir.<\/p>\n<h4>Ba\u011f\u0131\u015flar\/ Ba\u011f\u0131\u015f banka hesab\u0131:<\/h4>\n<p>Yabanc\u0131 hastalar\u0131n tedavisinin masraflar\u0131n\u0131 kar\u015f\u0131lamak i\u00e7in yard\u0131m kurumlar\u0131 taraf\u0131ndan toplanan ba\u011f\u0131\u015f paralar\u0131 i\u00e7in ayr\u0131 bir hesap a\u00e7man\u0131z gerekmektedir. Size bu konuda yard\u0131mc\u0131 olmaktan mutluluk duyar\u0131z. International Office Hahnemann Association\u2019a ait banka hesab\u0131na direkt olarak yap\u0131lan ba\u011f\u0131\u015flar i\u00e7in, \u00f6ncesinde do\u011frulama ve onay amac\u0131yla \u0130nternational Office Hahnemann Association ile ileti\u015fime ge\u00e7memiz gerekmektedir. \u015euna \u00a0dikkatinizi \u00e7ekmek istiyoruz, \u0130nternational Office Hahnemann Association sadece yard\u0131m kurumlar\u0131 ile do\u011frudan \u00e7al\u0131\u015fmaktad\u0131r.<\/p>\n<\/div><\/div><\/div><\/div><\/div><div class=\"vc_col-sm-4 wpb_column vc_column_container has_bg_color stretched\"><div class=\"vc_column-inner us_custom_52822640\"><div class=\"wpb_wrapper\"><div class=\"w-separator size_custom\" style=\"height:30vh\"><\/div><\/div><\/div><\/div><\/div><\/div><\/section>\n","protected":false},"excerpt":{"rendered":"Uluslararas\u0131 ofis Ba\u015flang\u0131\u00e7Sayfalar genel bak\u0131\u015fTedavi i\u00e7in talep ve tarihleri\u0130\u015fletim prosed\u00fcr\u00fcMasraflarHizmetKay\u0131t formu\u0130leti\u015fim bilgileriHizmet S\u00f6zl\u00fc \u00e7eviri: Hastan\u0131n ba\u015far\u0131l\u0131 bir tedavisi i\u00e7in hasta ve sa\u011fl\u0131k personeli aras\u0131ndaki ileti\u015fimin sorunsuz olmas\u0131n\u0131n \u00f6nemi b\u00fcy\u00fckt\u00fcr. E\u011fer ak\u0131c\u0131 bir \u015fekilde \u0130ngilizce veya Almanca konu\u015fam\u0131yorsan\u0131z, bize bildirmenizi rica etmekteyiz. Bu \u00e7ok \u00f6nemlidir. Kar\u015f\u0131l\u0131kl\u0131 olarak sorunsuz ileti\u015fim sa\u011fland\u0131\u011f\u0131nda ancak o zaman iyi bir tedavi...","protected":false},"author":2,"featured_media":0,"parent":2004,"menu_order":40,"comment_status":"closed","ping_status":"closed","template":"","meta":{"_acf_changed":false,"footnotes":""},"acf":[],"yoast_head":"<!-- This site is optimized with the Yoast SEO plugin v23.0 - https:\/\/yoast.com\/wordpress\/plugins\/seo\/ -->\n<title>Hizmet - Hahnemann Gesellschaft<\/title>\n<meta name=\"robots\" content=\"index, follow, max-snippet:-1, max-image-preview:large, max-video-preview:-1\" \/>\n<link rel=\"canonical\" href=\"https:\/\/www.hahnemann-gesellschaft.de\/tr\/uluslararasi-ofis\/service\/\" \/>\n<meta property=\"og:locale\" content=\"tr_TR\" \/>\n<meta property=\"og:type\" content=\"article\" \/>\n<meta property=\"og:title\" content=\"Hizmet - Hahnemann Gesellschaft\" \/>\n<meta property=\"og:url\" content=\"https:\/\/www.hahnemann-gesellschaft.de\/tr\/uluslararasi-ofis\/service\/\" \/>\n<meta property=\"og:site_name\" content=\"Hahnemann Gesellschaft\" \/>\n<meta property=\"article:publisher\" content=\"https:\/\/www.facebook.com\/HahnemannGER\" \/>\n<meta property=\"article:modified_time\" content=\"2020-06-24T17:48:07+00:00\" \/>\n<meta name=\"twitter:card\" content=\"summary_large_image\" \/>\n<meta name=\"twitter:site\" content=\"@HahnemannDE\" \/>\n<meta name=\"twitter:label1\" content=\"Tahmini okuma s\u00fcresi\" \/>\n\t<meta name=\"twitter:data1\" content=\"3 dakika\" \/>\n<script type=\"application\/ld+json\" class=\"yoast-schema-graph\">{\"@context\":\"https:\/\/schema.org\",\"@graph\":[{\"@type\":\"WebPage\",\"@id\":\"https:\/\/www.hahnemann-gesellschaft.de\/tr\/uluslararasi-ofis\/service\/\",\"url\":\"https:\/\/www.hahnemann-gesellschaft.de\/tr\/uluslararasi-ofis\/service\/\",\"name\":\"Hizmet - Hahnemann Gesellschaft\",\"isPartOf\":{\"@id\":\"https:\/\/neu.hahnemann-gesellschaft.de\/tr\/#website\"},\"datePublished\":\"2020-06-12T17:16:47+00:00\",\"dateModified\":\"2020-06-24T17:48:07+00:00\",\"breadcrumb\":{\"@id\":\"https:\/\/www.hahnemann-gesellschaft.de\/tr\/uluslararasi-ofis\/service\/#breadcrumb\"},\"inLanguage\":\"tr\",\"potentialAction\":[{\"@type\":\"ReadAction\",\"target\":[\"https:\/\/www.hahnemann-gesellschaft.de\/tr\/uluslararasi-ofis\/service\/\"]}]},{\"@type\":\"BreadcrumbList\",\"@id\":\"https:\/\/www.hahnemann-gesellschaft.de\/tr\/uluslararasi-ofis\/service\/#breadcrumb\",\"itemListElement\":[{\"@type\":\"ListItem\",\"position\":1,\"name\":\"Startseite\",\"item\":\"https:\/\/www.hahnemann-gesellschaft.de\/tr\/\"},{\"@type\":\"ListItem\",\"position\":2,\"name\":\"Uluslararas\u0131 ofis\",\"item\":\"https:\/\/www.hahnemann-gesellschaft.de\/tr\/uluslararasi-ofis\/\"},{\"@type\":\"ListItem\",\"position\":3,\"name\":\"Hizmet\"}]},{\"@type\":\"WebSite\",\"@id\":\"https:\/\/neu.hahnemann-gesellschaft.de\/tr\/#website\",\"url\":\"https:\/\/neu.hahnemann-gesellschaft.de\/tr\/\",\"name\":\"Hahnemann Gesellschaft\",\"description\":\"\",\"publisher\":{\"@id\":\"https:\/\/neu.hahnemann-gesellschaft.de\/tr\/#organization\"},\"potentialAction\":[{\"@type\":\"SearchAction\",\"target\":{\"@type\":\"EntryPoint\",\"urlTemplate\":\"https:\/\/neu.hahnemann-gesellschaft.de\/tr\/?s={search_term_string}\"},\"query-input\":\"required name=search_term_string\"}],\"inLanguage\":\"tr\"},{\"@type\":\"Organization\",\"@id\":\"https:\/\/neu.hahnemann-gesellschaft.de\/tr\/#organization\",\"name\":\"Hahnemann Gesellschaft\",\"url\":\"https:\/\/neu.hahnemann-gesellschaft.de\/tr\/\",\"logo\":{\"@type\":\"ImageObject\",\"inLanguage\":\"tr\",\"@id\":\"https:\/\/neu.hahnemann-gesellschaft.de\/tr\/#\/schema\/logo\/image\/\",\"url\":\"https:\/\/www.hahnemann-gesellschaft.de\/wp-content\/uploads\/2020\/06\/hahneman-gesellschaft_72.jpg\",\"contentUrl\":\"https:\/\/www.hahnemann-gesellschaft.de\/wp-content\/uploads\/2020\/06\/hahneman-gesellschaft_72.jpg\",\"width\":830,\"height\":213,\"caption\":\"Hahnemann Gesellschaft\"},\"image\":{\"@id\":\"https:\/\/neu.hahnemann-gesellschaft.de\/tr\/#\/schema\/logo\/image\/\"},\"sameAs\":[\"https:\/\/www.facebook.com\/HahnemannGER\",\"https:\/\/x.com\/HahnemannDE\"]}]}<\/script>\n<!-- \/ Yoast SEO plugin. -->","yoast_head_json":{"title":"Hizmet - Hahnemann Gesellschaft","robots":{"index":"index","follow":"follow","max-snippet":"max-snippet:-1","max-image-preview":"max-image-preview:large","max-video-preview":"max-video-preview:-1"},"canonical":"https:\/\/www.hahnemann-gesellschaft.de\/tr\/uluslararasi-ofis\/service\/","og_locale":"tr_TR","og_type":"article","og_title":"Hizmet - Hahnemann Gesellschaft","og_url":"https:\/\/www.hahnemann-gesellschaft.de\/tr\/uluslararasi-ofis\/service\/","og_site_name":"Hahnemann Gesellschaft","article_publisher":"https:\/\/www.facebook.com\/HahnemannGER","article_modified_time":"2020-06-24T17:48:07+00:00","twitter_card":"summary_large_image","twitter_site":"@HahnemannDE","twitter_misc":{"Tahmini okuma s\u00fcresi":"3 dakika"},"schema":{"@context":"https:\/\/schema.org","@graph":[{"@type":"WebPage","@id":"https:\/\/www.hahnemann-gesellschaft.de\/tr\/uluslararasi-ofis\/service\/","url":"https:\/\/www.hahnemann-gesellschaft.de\/tr\/uluslararasi-ofis\/service\/","name":"Hizmet - Hahnemann Gesellschaft","isPartOf":{"@id":"https:\/\/neu.hahnemann-gesellschaft.de\/tr\/#website"},"datePublished":"2020-06-12T17:16:47+00:00","dateModified":"2020-06-24T17:48:07+00:00","breadcrumb":{"@id":"https:\/\/www.hahnemann-gesellschaft.de\/tr\/uluslararasi-ofis\/service\/#breadcrumb"},"inLanguage":"tr","potentialAction":[{"@type":"ReadAction","target":["https:\/\/www.hahnemann-gesellschaft.de\/tr\/uluslararasi-ofis\/service\/"]}]},{"@type":"BreadcrumbList","@id":"https:\/\/www.hahnemann-gesellschaft.de\/tr\/uluslararasi-ofis\/service\/#breadcrumb","itemListElement":[{"@type":"ListItem","position":1,"name":"Startseite","item":"https:\/\/www.hahnemann-gesellschaft.de\/tr\/"},{"@type":"ListItem","position":2,"name":"Uluslararas\u0131 ofis","item":"https:\/\/www.hahnemann-gesellschaft.de\/tr\/uluslararasi-ofis\/"},{"@type":"ListItem","position":3,"name":"Hizmet"}]},{"@type":"WebSite","@id":"https:\/\/neu.hahnemann-gesellschaft.de\/tr\/#website","url":"https:\/\/neu.hahnemann-gesellschaft.de\/tr\/","name":"Hahnemann Gesellschaft","description":"","publisher":{"@id":"https:\/\/neu.hahnemann-gesellschaft.de\/tr\/#organization"},"potentialAction":[{"@type":"SearchAction","target":{"@type":"EntryPoint","urlTemplate":"https:\/\/neu.hahnemann-gesellschaft.de\/tr\/?s={search_term_string}"},"query-input":"required name=search_term_string"}],"inLanguage":"tr"},{"@type":"Organization","@id":"https:\/\/neu.hahnemann-gesellschaft.de\/tr\/#organization","name":"Hahnemann Gesellschaft","url":"https:\/\/neu.hahnemann-gesellschaft.de\/tr\/","logo":{"@type":"ImageObject","inLanguage":"tr","@id":"https:\/\/neu.hahnemann-gesellschaft.de\/tr\/#\/schema\/logo\/image\/","url":"https:\/\/www.hahnemann-gesellschaft.de\/wp-content\/uploads\/2020\/06\/hahneman-gesellschaft_72.jpg","contentUrl":"https:\/\/www.hahnemann-gesellschaft.de\/wp-content\/uploads\/2020\/06\/hahneman-gesellschaft_72.jpg","width":830,"height":213,"caption":"Hahnemann Gesellschaft"},"image":{"@id":"https:\/\/neu.hahnemann-gesellschaft.de\/tr\/#\/schema\/logo\/image\/"},"sameAs":["https:\/\/www.facebook.com\/HahnemannGER","https:\/\/x.com\/HahnemannDE"]}]}},"_links":{"self":[{"href":"https:\/\/www.hahnemann-gesellschaft.de\/tr\/wp-json\/wp\/v2\/pages\/2175"}],"collection":[{"href":"https:\/\/www.hahnemann-gesellschaft.de\/tr\/wp-json\/wp\/v2\/pages"}],"about":[{"href":"https:\/\/www.hahnemann-gesellschaft.de\/tr\/wp-json\/wp\/v2\/types\/page"}],"author":[{"embeddable":true,"href":"https:\/\/www.hahnemann-gesellschaft.de\/tr\/wp-json\/wp\/v2\/users\/2"}],"replies":[{"embeddable":true,"href":"https:\/\/www.hahnemann-gesellschaft.de\/tr\/wp-json\/wp\/v2\/comments?post=2175"}],"version-history":[{"count":5,"href":"https:\/\/www.hahnemann-gesellschaft.de\/tr\/wp-json\/wp\/v2\/pages\/2175\/revisions"}],"predecessor-version":[{"id":2514,"href":"https:\/\/www.hahnemann-gesellschaft.de\/tr\/wp-json\/wp\/v2\/pages\/2175\/revisions\/2514"}],"up":[{"embeddable":true,"href":"https:\/\/www.hahnemann-gesellschaft.de\/tr\/wp-json\/wp\/v2\/pages\/2004"}],"wp:attachment":[{"href":"https:\/\/www.hahnemann-gesellschaft.de\/tr\/wp-json\/wp\/v2\/media?parent=2175"}],"curies":[{"name":"wp","href":"https:\/\/api.w.org\/{rel}","templated":true}]}}